{"id":140,"date":"2024-01-11T21:05:11","date_gmt":"2024-01-11T20:05:11","guid":{"rendered":"https:\/\/elbe.markvoelker.de\/?page_id=140"},"modified":"2024-01-11T21:05:11","modified_gmt":"2024-01-11T20:05:11","slug":"impressum","status":"publish","type":"page","link":"https:\/\/elbe-innovations.de\/index.php\/impressum\/","title":{"rendered":"impressum"},"content":{"rendered":"\n<div class=\"wp-block-group alignfull has-global-padding is-layout-constrained wp-container-core-group-is-layout-669513ed wp-block-group-is-layout-constrained\" style=\"margin-top:0;margin-bottom:0;padding-top:var(--wp--preset--spacing--50);padding-right:var(--wp--preset--spacing--50);padding-bottom:var(--wp--preset--spacing--50);padding-left:var(--wp--preset--spacing--50)\">\n<div class=\"wp-block-group alignwide has-base-2-background-color has-background has-global-padding is-layout-constrained wp-container-core-group-is-layout-a151063b wp-block-group-is-layout-constrained\" style=\"border-radius:16px;padding-top:var(--wp--preset--spacing--50);padding-right:var(--wp--preset--spacing--40);padding-bottom:var(--wp--preset--spacing--50);padding-left:var(--wp--preset--spacing--40)\">\n<div class=\"wp-block-group has-global-padding is-layout-constrained wp-block-group-is-layout-constrained\" style=\"margin-top:var(--wp--preset--spacing--20);margin-bottom:var(--wp--preset--spacing--20)\">\n<h2 class=\"wp-block-heading has-text-align-center\" style=\"margin-top:0;margin-right:0;margin-bottom:0;margin-left:0;padding-top:0;padding-bottom:0;line-height:0.6\">elbe innovations sa GmbH<\/h2>\n\n\n\n<p class=\"has-text-align-center\" style=\"padding-top:0;padding-bottom:0;line-height:1.1\">Gesch\u00e4ftsf\u00fchrung: Moritz V\u00f6lker<\/p>\n<\/div>\n\n\n\n<div style=\"height:var(--wp--preset--spacing--30)\" aria-hidden=\"true\" class=\"wp-block-spacer\"><\/div>\n\n\n\n<div class=\"wp-block-columns alignwide is-layout-flex wp-container-core-columns-is-layout-b95a5809 wp-block-columns-is-layout-flex\" style=\"margin-top:0;margin-bottom:0;padding-right:var(--wp--preset--spacing--40);padding-left:var(--wp--preset--spacing--40)\">\n<div class=\"wp-block-column is-layout-flow wp-block-column-is-layout-flow\" style=\"padding-top:0;padding-right:0;padding-bottom:0;padding-left:0;flex-basis:200px\">\n<p>Katharinenstr. 30 a<br>20457 Hamburg<br>Deutschland<\/p>\n<\/div>\n\n\n\n<div class=\"wp-block-column is-layout-flow wp-block-column-is-layout-flow\" style=\"border-style:none;border-width:0px;padding-top:0;padding-right:0;padding-bottom:0;padding-left:0;flex-basis:300px\">\n<p>Telefon: + 49 (40) 209321023<br>Fax: + 49 (40) 209321099<br>E-Mail: info@elbe-innovations.de<\/p>\n<\/div>\n\n\n\n<div class=\"wp-block-column is-layout-flow wp-block-column-is-layout-flow\">\n<p>Handelsregister: HRB 147630 &#8211; Hamburg<br>Steuernummer: 48\/717\/04444 (FA Hamburg Mitte)<br>USt-Id.: DE313313223<\/p>\n<\/div>\n<\/div>\n<\/div>\n<\/div>\n","protected":false},"excerpt":{"rendered":"<p>elbe innovations sa GmbH Gesch\u00e4ftsf\u00fchrung: Moritz V\u00f6lker Katharinenstr. 30 a20457 HamburgDeutschland Telefon: + 49 (40) 209321023Fax: + 49 (40) 209321099E-Mail: info@elbe-innovations.de Handelsregister: HRB 147630 &#8211; HamburgSteuernummer: 48\/717\/04444 (FA Hamburg Mitte)USt-Id.: DE313313223<\/p>\n","protected":false},"author":2,"featured_media":0,"parent":0,"menu_order":0,"comment_status":"closed","ping_status":"closed","template":"","meta":{"footnotes":""},"class_list":["post-140","page","type-page","status-publish","hentry"],"aioseo_notices":[],"_links":{"self":[{"href":"https:\/\/elbe-innovations.de\/index.php\/wp-json\/wp\/v2\/pages\/140","targetHints":{"allow":["GET"]}}],"collection":[{"href":"https:\/\/elbe-innovations.de\/index.php\/wp-json\/wp\/v2\/pages"}],"about":[{"href":"https:\/\/elbe-innovations.de\/index.php\/wp-json\/wp\/v2\/types\/page"}],"author":[{"embeddable":true,"href":"https:\/\/elbe-innovations.de\/index.php\/wp-json\/wp\/v2\/users\/2"}],"replies":[{"embeddable":true,"href":"https:\/\/elbe-innovations.de\/index.php\/wp-json\/wp\/v2\/comments?post=140"}],"version-history":[{"count":0,"href":"https:\/\/elbe-innovations.de\/index.php\/wp-json\/wp\/v2\/pages\/140\/revisions"}],"wp:attachment":[{"href":"https:\/\/elbe-innovations.de\/index.php\/wp-json\/wp\/v2\/media?parent=140"}],"curies":[{"name":"wp","href":"https:\/\/api.w.org\/{rel}","templated":true}]}}