{"id":328,"date":"2024-01-17T18:13:08","date_gmt":"2024-01-17T17:13:08","guid":{"rendered":"https:\/\/elbe.markvoelker.de\/?page_id=328"},"modified":"2024-01-18T22:33:02","modified_gmt":"2024-01-18T21:33:02","slug":"was-wir-tun","status":"publish","type":"page","link":"https:\/\/elbe-innovations.de\/index.php\/was-wir-tun\/","title":{"rendered":"Was wir tun"},"content":{"rendered":"\n<div class=\"wp-block-group alignfull has-accent-background-color has-background has-global-padding is-layout-constrained wp-container-core-group-is-layout-cd6163fc wp-block-group-is-layout-constrained\" style=\"margin-top:0;margin-bottom:0;padding-top:var(--wp--preset--spacing--10);padding-right:var(--wp--preset--spacing--50);padding-bottom:var(--wp--preset--spacing--10);padding-left:var(--wp--preset--spacing--50)\">\n<div class=\"wp-block-columns alignwide is-layout-flex wp-container-core-columns-is-layout-d0bbbce0 wp-block-columns-is-layout-flex\">\n<div class=\"wp-block-column is-vertically-aligned-stretch is-layout-flow wp-container-core-column-is-layout-22223934 wp-block-column-is-layout-flow\" style=\"flex-basis:66%\">\n<div class=\"wp-block-group has-global-padding is-content-justification-center is-layout-constrained wp-container-core-group-is-layout-4d7c65e1 wp-block-group-is-layout-constrained\" style=\"min-height:100%;padding-top:0;padding-right:var(--wp--preset--spacing--10);padding-bottom:0;padding-left:var(--wp--preset--spacing--10)\">\n<p>Unsere Wurzeln liegen in der mehr oder weniger klassischen Beratung von Unternehmen der Gesundheits- und Sozialwirtschaft. Und f\u00fcr Krankenh\u00e4user \u2013 also den Betrieb, die Prozesse und vor allem auch die Menschen, die dort arbeiten schl\u00e4gt unser Herz ganz besonders.<\/p>\n\n\n\n<p><br>Die Analyse von Arbeitsprozessen, Gestaltung von Personaleinsatz und Begleitung von den F\u00fchrungskr\u00e4ften und Teams in den Ver\u00e4nderungsprozessen sind unsere Leidenschaft. Dabei schaffen wir einen guten Spagat zwischen stringenter Zielerreichung und Einbeziehung von (zwischen-)menschlichen Themen.<\/p>\n\n\n\n<p class=\"has-text-align-center\" style=\"padding-top:var(--wp--preset--spacing--30);padding-right:var(--wp--preset--spacing--40);padding-bottom:var(--wp--preset--spacing--30);padding-left:var(--wp--preset--spacing--40);font-size:clamp(1.039rem, 1.039rem + ((1vw - 0.2rem) * 0.935), 1.6rem);\"><em>Wir begleiten langfristige Changeprozesse oder liefern knackige L\u00f6sungen f\u00fcr akute Themen.<\/em><\/p>\n\n\n\n<p>Dabei entwickeln wir keine Konzepte am gr\u00fcnen Tisch sondern sind vor Ort, hospitieren und laufen mit und binden alle Akteure in diese Prozesse ein.<\/p>\n<\/div>\n<\/div>\n\n\n\n<div class=\"wp-block-column is-vertically-aligned-center is-layout-flow wp-container-core-column-is-layout-8a368f38 wp-block-column-is-layout-flow\" style=\"flex-basis:34%\">\n<figure class=\"wp-block-image size-full is-style-rounded wp-duotone-244e8a-ffffff-2 is-style-rounded--1\"><img loading=\"lazy\" decoding=\"async\" width=\"1151\" height=\"768\" src=\"https:\/\/elbe-innovations.de\/wp-content\/uploads\/2024\/01\/DSC09284-Medium.jpg\" alt=\"\" class=\"wp-image-381\" style=\"aspect-ratio:1;object-fit:cover\" srcset=\"https:\/\/elbe-innovations.de\/wp-content\/uploads\/2024\/01\/DSC09284-Medium.jpg 1151w, https:\/\/elbe-innovations.de\/wp-content\/uploads\/2024\/01\/DSC09284-Medium-300x200.jpg 300w, https:\/\/elbe-innovations.de\/wp-content\/uploads\/2024\/01\/DSC09284-Medium-1024x683.jpg 1024w, https:\/\/elbe-innovations.de\/wp-content\/uploads\/2024\/01\/DSC09284-Medium-768x512.jpg 768w\" sizes=\"auto, (max-width: 1151px) 100vw, 1151px\" \/><\/figure>\n<\/div>\n<\/div>\n<\/div>\n\n\n\n<div class=\"wp-block-group alignfull has-base-background-color has-background has-global-padding is-layout-constrained wp-container-core-group-is-layout-cb151cc7 wp-block-group-is-layout-constrained\" style=\"margin-top:0;margin-bottom:0;padding-top:0;padding-right:var(--wp--preset--spacing--50);padding-bottom:0;padding-left:var(--wp--preset--spacing--50)\">\n<div style=\"height:var(--wp--preset--spacing--20)\" aria-hidden=\"true\" class=\"wp-block-spacer\"><\/div>\n\n\n\n<div class=\"wp-block-columns alignwide is-layout-flex wp-container-core-columns-is-layout-c6809a2b wp-block-columns-is-layout-flex\">\n<div class=\"wp-block-column has-global-padding is-content-justification-left is-layout-constrained wp-container-core-column-is-layout-353cc7fb wp-block-column-is-layout-constrained\" style=\"flex-basis:34%\">\n<figure class=\"wp-block-image size-large is-style-rounded wp-duotone-244e8a-ffffff-4 is-style-rounded--3\"><img loading=\"lazy\" decoding=\"async\" width=\"1024\" height=\"683\" src=\"https:\/\/elbe-innovations.de\/wp-content\/uploads\/2024\/01\/DSC09262-Medium-1024x683.jpg\" alt=\"\" class=\"wp-image-377\" style=\"aspect-ratio:1;object-fit:cover\" srcset=\"https:\/\/elbe-innovations.de\/wp-content\/uploads\/2024\/01\/DSC09262-Medium-1024x683.jpg 1024w, https:\/\/elbe-innovations.de\/wp-content\/uploads\/2024\/01\/DSC09262-Medium-300x200.jpg 300w, https:\/\/elbe-innovations.de\/wp-content\/uploads\/2024\/01\/DSC09262-Medium-768x512.jpg 768w, https:\/\/elbe-innovations.de\/wp-content\/uploads\/2024\/01\/DSC09262-Medium.jpg 1151w\" sizes=\"auto, (max-width: 1024px) 100vw, 1024px\" \/><\/figure>\n<\/div>\n\n\n\n<div class=\"wp-block-column is-layout-flow wp-container-core-column-is-layout-ed1dd4c9 wp-block-column-is-layout-flow\" style=\"padding-right:var(--wp--preset--spacing--10);padding-left:var(--wp--preset--spacing--10);flex-basis:66%\">\n<p>Und auch nach der Analyse und Konzeptentwicklung sind wir gerne weiter dabei, unterst\u00fctzen die F\u00fchrungskr\u00e4fte bei der Umsetzung und tragen damit Verantwortung f\u00fcr unsere Beratung.<\/p>\n\n\n\n<p>Weil wir dies so erfolgreich tun, sind wir mittlerweile auch in anderen Branchen unterwegs und gestalten dort, teilweise aufwendig inszenierte, Organisationsentwicklungsprozesse.<\/p>\n\n\n\n<p>Wir begleiten F\u00fchrungskr\u00e4fte auf ihrer Entwicklungsreise, schaffen einen Rahmen indem unterschiedliche F\u00fchrungsebenen ihre Zusammenarbeit verbessern k\u00f6nnen, unterst\u00fctzen bei der Umsetzung von Unternehmenswerten und werteorientierter F\u00fchrung und begleiten Teams dabei, sich zu Hochleistungsteams zu entwickeln \u2013 oder zu bleiben. Denn Teamentwicklung ist nicht nur etwas f\u00fcr Teams, in denen es nicht rund l\u00e4uft!<\/p>\n\n\n\n<p>Dabei zeichnet uns aus, dass wir die Klaviatur der klassischen Beratung beherrschen und diese mit einer gro\u00dfen Portion Menschlichkeit, Fingerspitzengef\u00fchl und Spa\u00df w\u00fcrzen.<\/p>\n<\/div>\n<\/div>\n<\/div>\n\n\n\n<div class=\"wp-block-group alignfull has-accent-5-background-color has-background has-global-padding is-layout-constrained wp-container-core-group-is-layout-32a46761 wp-block-group-is-layout-constrained\" style=\"margin-top:0;margin-bottom:0;padding-top:var(--wp--preset--spacing--40);padding-right:var(--wp--preset--spacing--50);padding-bottom:var(--wp--preset--spacing--40);padding-left:var(--wp--preset--spacing--50)\">\n<div class=\"wp-block-columns alignwide is-layout-flex wp-container-core-columns-is-layout-1da03c2a wp-block-columns-is-layout-flex\">\n<div class=\"wp-block-column is-vertically-aligned-center is-layout-flow wp-block-column-is-layout-flow\" style=\"padding-right:var(--wp--preset--spacing--10);padding-left:var(--wp--preset--spacing--10);flex-basis:66%\">\n<p>Wir sind immer auf der Suche nach neuer Inspiration zu den Themen Teamentwicklung, Positiver Psychologie und F\u00fchrung und Organisationsentwicklung.<\/p>\n\n\n\n<p>Dabei teilen wir unser Wissen gerne mit anderen und sind bei u.a. bei dem DKI oder der IHK als Trainerinnen unterwegs oder trainieren Inhouse Menschen zu den Themen einer lebendigen Organisationskultur.<\/p>\n<\/div>\n\n\n\n<div class=\"wp-block-column is-layout-flow wp-block-column-is-layout-flow\" style=\"flex-basis:34%\">\n<div class=\"wp-block-buttons is-vertical is-content-justification-left is-layout-flex wp-container-core-buttons-is-layout-810fbbe0 wp-block-buttons-is-layout-flex\">\n<div class=\"wp-block-button has-custom-width wp-block-button__width-75\"><a class=\"wp-block-button__link has-contrast-color has-base-background-color has-text-color has-background has-link-color wp-element-button\" href=\"https:\/\/elbe-innovations.de\/index.php\/unsere-arbeit\/\" style=\"border-width:2px\">Unsere Arbeit&#8230;<\/a><\/div>\n\n\n\n<div class=\"wp-block-button has-custom-width wp-block-button__width-75\"><a class=\"wp-block-button__link has-contrast-color has-base-background-color has-text-color has-background has-link-color wp-element-button\" href=\"https:\/\/elbe-innovations.de\/index.php\/wer-wir-sind\/\" style=\"border-width:2px\">Unsere Team&#8230;<\/a><\/div>\n<\/div>\n<\/div>\n<\/div>\n<\/div>\n\n\n","protected":false},"excerpt":{"rendered":"<p>Unsere Wurzeln liegen in der mehr oder weniger klassischen Beratung von Unternehmen der Gesundheits- und Sozialwirtschaft. Und f\u00fcr Krankenh\u00e4user \u2013 also den Betrieb, die Prozesse und vor allem auch die Menschen, die dort arbeiten schl\u00e4gt unser Herz ganz besonders. Die Analyse von Arbeitsprozessen, Gestaltung von Personaleinsatz und Begleitung von den F\u00fchrungskr\u00e4ften und Teams in den [&hellip;]<\/p>\n","protected":false},"author":2,"featured_media":0,"parent":0,"menu_order":0,"comment_status":"closed","ping_status":"closed","template":"","meta":{"footnotes":""},"class_list":["post-328","page","type-page","status-publish","hentry"],"aioseo_notices":[],"_links":{"self":[{"href":"https:\/\/elbe-innovations.de\/index.php\/wp-json\/wp\/v2\/pages\/328","targetHints":{"allow":["GET"]}}],"collection":[{"href":"https:\/\/elbe-innovations.de\/index.php\/wp-json\/wp\/v2\/pages"}],"about":[{"href":"https:\/\/elbe-innovations.de\/index.php\/wp-json\/wp\/v2\/types\/page"}],"author":[{"embeddable":true,"href":"https:\/\/elbe-innovations.de\/index.php\/wp-json\/wp\/v2\/users\/2"}],"replies":[{"embeddable":true,"href":"https:\/\/elbe-innovations.de\/index.php\/wp-json\/wp\/v2\/comments?post=328"}],"version-history":[{"count":14,"href":"https:\/\/elbe-innovations.de\/index.php\/wp-json\/wp\/v2\/pages\/328\/revisions"}],"predecessor-version":[{"id":486,"href":"https:\/\/elbe-innovations.de\/index.php\/wp-json\/wp\/v2\/pages\/328\/revisions\/486"}],"wp:attachment":[{"href":"https:\/\/elbe-innovations.de\/index.php\/wp-json\/wp\/v2\/media?parent=328"}],"curies":[{"name":"wp","href":"https:\/\/api.w.org\/{rel}","templated":true}]}}