{"id":8,"date":"2024-01-11T13:22:32","date_gmt":"2024-01-11T13:22:32","guid":{"rendered":"https:\/\/elbe.markvoelker.de\/?page_id=2"},"modified":"2026-02-10T13:53:19","modified_gmt":"2026-02-10T12:53:19","slug":"wer-wir-sind","status":"publish","type":"page","link":"https:\/\/elbe-innovations.de\/index.php\/wer-wir-sind\/","title":{"rendered":"Wer wir sind"},"content":{"rendered":"\n<div class=\"wp-block-group alignfull has-global-padding is-layout-constrained wp-container-core-group-is-layout-2bcd15f1 wp-block-group-is-layout-constrained\" style=\"margin-top:0;margin-bottom:0;padding-top:var(--wp--preset--spacing--30);padding-right:var(--wp--preset--spacing--40);padding-bottom:var(--wp--preset--spacing--30);padding-left:var(--wp--preset--spacing--40)\"><\/div>\n\n\n\n<div class=\"wp-block-group alignfull has-global-padding is-layout-constrained wp-container-core-group-is-layout-54f5c133 wp-block-group-is-layout-constrained\" style=\"margin-top:0;margin-bottom:0;padding-top:var(--wp--preset--spacing--30);padding-right:var(--wp--preset--spacing--40);padding-bottom:var(--wp--preset--spacing--30);padding-left:var(--wp--preset--spacing--40)\">\n<div class=\"wp-block-columns alignwide is-layout-flex wp-container-core-columns-is-layout-4935966c wp-block-columns-is-layout-flex\" style=\"padding-right:0;padding-left:0\">\n<div class=\"wp-block-column is-layout-flow wp-block-column-is-layout-flow\">\n<figure class=\"wp-block-image size-full is-style-rounded bw is-style-rounded--1\"><img loading=\"lazy\" decoding=\"async\" width=\"534\" height=\"800\" src=\"https:\/\/elbe-innovations.de\/wp-content\/uploads\/2024\/01\/DSC09207.jpg\" alt=\"\" class=\"wp-image-349\" style=\"aspect-ratio:3\/4;object-fit:cover\" srcset=\"https:\/\/elbe-innovations.de\/wp-content\/uploads\/2024\/01\/DSC09207.jpg 534w, https:\/\/elbe-innovations.de\/wp-content\/uploads\/2024\/01\/DSC09207-200x300.jpg 200w\" sizes=\"auto, (max-width: 534px) 100vw, 534px\" \/><\/figure>\n\n\n\n<div class=\"wp-block-group is-vertical is-content-justification-center is-nowrap is-layout-flex wp-container-core-group-is-layout-21d4e958 wp-block-group-is-layout-flex\">\n<p class=\"has-text-align-center has-small-font-size\"><strong>Anika Liedloff-V\u00f6lker<\/strong><\/p>\n\n\n\n<p class=\"has-text-align-center has-small-font-size\">F\u00fchrungskr\u00e4ftetrainerin, Business Coach und Senior Consultant<\/p>\n\n\n\n<div style=\"margin-top:var(--wp--preset--spacing--10);margin-bottom:var(--wp--preset--spacing--10)\" aria-hidden=\"true\" class=\"wp-block-spacer\"><\/div>\n<\/div>\n\n\n\n<details class=\"wp-block-details has-small-font-size is-layout-flow wp-block-details-is-layout-flow\"><summary>Mehr \u00fcber Anika&#8230;<\/summary>\n<p>Anika Liedloff-V\u00f6lker ist Gesundheits\u00f6konomin und Gesundheits- und Krankenpflegerin und seit mehr als zehn Jahren in der Prozessberatung von Einrichtungen im Gesundheitswesen t\u00e4tig. Dabei reicht das Beratungsspektrum von Projekten zur strategischen Neuausrichtung, begleitender Personalentwicklung, Gestaltung von Arbeitsabl\u00e4ufen und Arbeitszeitmodellen und v.m.. Dies geschieht immer unter aktiver Einbindung von Besch\u00e4ftigten in der Projektarbeit und konkreter Umsetzungsunterst\u00fctzung der F\u00fchrungskr\u00e4fte und Teams in diesen Ver\u00e4nderungsprozessen. Zahlreiche Weiterbildungen rund um das Thema \u201eGesunde Arbeit, wirksame und werteorientierte F\u00fchrung sowie gute Teamzusammenarbeit\u201c (u.a. Relational Coordination, Positive Leadership, Somatisches Coaching, FREYSpiel\u00ae, Design Thinking, uvm.) sind regelm\u00e4\u00dfige Quelle der Inspiration und sorgen f\u00fcr anregende, bereichernde und dabei sehr praxisorientierte Beratung, Coachings und Trainings.<\/p>\n<\/details>\n<\/div>\n\n\n\n<div class=\"wp-block-column is-layout-flow wp-block-column-is-layout-flow\">\n<figure class=\"wp-block-image size-full is-style-rounded bw is-style-rounded--2\"><img loading=\"lazy\" decoding=\"async\" width=\"533\" height=\"800\" src=\"https:\/\/elbe-innovations.de\/wp-content\/uploads\/2024\/01\/Bild2_upscayl_4x_remacri.png\" alt=\"\" class=\"wp-image-348\" style=\"aspect-ratio:3\/4;object-fit:cover\" srcset=\"https:\/\/elbe-innovations.de\/wp-content\/uploads\/2024\/01\/Bild2_upscayl_4x_remacri.png 533w, https:\/\/elbe-innovations.de\/wp-content\/uploads\/2024\/01\/Bild2_upscayl_4x_remacri-200x300.png 200w\" sizes=\"auto, (max-width: 533px) 100vw, 533px\" \/><\/figure>\n\n\n\n<div class=\"wp-block-group is-vertical is-content-justification-center is-nowrap is-layout-flex wp-container-core-group-is-layout-63bfd6c1 wp-block-group-is-layout-flex\">\n<p class=\"has-text-align-center has-small-font-size\"><strong>Kristina Arnold<\/strong><\/p>\n\n\n\n<p class=\"has-text-align-center has-small-font-size\">Kommunikationstrainerin und <\/p>\n\n\n\n<p class=\"has-text-align-center has-small-font-size\">Coach<\/p>\n\n\n\n<div style=\"margin-top:var(--wp--preset--spacing--10);margin-bottom:var(--wp--preset--spacing--10)\" aria-hidden=\"true\" class=\"wp-block-spacer\"><\/div>\n<\/div>\n\n\n\n<details class=\"wp-block-details has-small-font-size is-layout-flow wp-block-details-is-layout-flow\"><summary>Mehr \u00fcber Kristina&#8230;<\/summary>\n<p><strong>Qualifikationen und Praxis<\/strong><\/p>\n\n\n\n<ul class=\"wp-block-list\">\n<li><em>Jahrgangsbeste (1,1)<\/em> der Hotelfachschule mit dem Abschluss: International Hotel Management mit dem Schwerpunkt: Kommunikation (2011)<\/li>\n\n\n\n<li>Projektleitung zur Qualit\u00e4tssicherung in mehreren 4-5 Sterne Hotels (Taschenbergpalais Kempinski, 25hours hotels, Crowne Plaza Hamburg City Alster)<\/li>\n\n\n\n<li>Projektleitung, Coach und Trainer im Thema Change mit dem Schwerpunkt Teamentwicklung und Transformales Coaching f\u00fcr div. Kunden (Z.B.: MediFox, Kindertagesst\u00e4tte am Burgsee, IHK Oldenburg)<\/li>\n\n\n\n<li>Kommunikation und K\u00f6rpersprache in Arztpraxen zur Verbesserung der Kommunikation intern und extern (Z.B.: Praxis am Hopfengarten in L\u00fcneburg)<\/li>\n\n\n\n<li>Ausbildereignungsschein (AEVO)<\/li>\n\n\n\n<li>Zertifizierter Business Coach IHK Oldenburg<\/li>\n\n\n\n<li>Zertifizierte Trainerin (Intercontinental Hotels Group Asia)<\/li>\n\n\n\n<li>Zertifizierte St\u00e4rkenkompass Trainerin<\/li>\n<\/ul>\n\n\n\n<p><br><strong>Arbeitsschwerpunkte:<\/strong><\/p>\n\n\n\n<ul class=\"wp-block-list\">\n<li>F\u00fchrungskr\u00e4fteentwicklung<\/li>\n\n\n\n<li>K\u00f6rpersprache zur Verbesserung der Adh\u00e4renz<\/li>\n\n\n\n<li>(Eine optimale Vertrauensbasis zwischen Arzt und Patienten ist f\u00fcr den Heilungsverlauf von entscheidender Bedeutung. Aber nicht nur hier spielt die K\u00f6rpersprache eine gro\u00dfe Rolle, sondern auch im Team Sympathien erzeugen, als F\u00fchrungskraft kompetent und motivierend wirken oder auch Deeskalation durch K\u00f6rpersprache in der Notaufnahme u.v.m)<\/li>\n\n\n\n<li>Teamentwicklung<\/li>\n\n\n\n<li>Trainer ausbilden<\/li>\n\n\n\n<li>Verkauf<\/li>\n\n\n\n<li>Beschwerdemanagement<\/li>\n\n\n\n<li>Philosophie und Mission\/ Vision Findung in Unternehmen (Werte)<\/li>\n\n\n\n<li>Transformales Coaching<br><br><\/li>\n<\/ul>\n\n\n\n<p><strong>Methodenkompetenz:<\/strong><\/p>\n\n\n\n<ul class=\"wp-block-list\">\n<li>Langj\u00e4hrige und umfassende Erfahrungen in der Durchf\u00fchrung von Fach- und F\u00fchrungskr\u00e4fte Trainings und Coachings, Gro\u00dfgruppenevent, vielfach als Projektleiterin<\/li>\n\n\n\n<li>5 Basic Sense Methode, Transaktionsanalyse nach Eric Berne, Gewaltfreie Kommunikation nach Marshall B. Rosenberg u.v.m.<\/li>\n<\/ul>\n<\/details>\n<\/div>\n\n\n\n<div class=\"wp-block-column is-layout-flow wp-block-column-is-layout-flow\">\n<figure class=\"wp-block-image size-full is-style-rounded bw is-style-rounded--3\"><img loading=\"lazy\" decoding=\"async\" width=\"512\" height=\"683\" src=\"https:\/\/elbe-innovations.de\/wp-content\/uploads\/2024\/01\/Moritz-Medium-edited.jpg\" alt=\"\" class=\"wp-image-431\" style=\"aspect-ratio:3\/4;object-fit:cover\" srcset=\"https:\/\/elbe-innovations.de\/wp-content\/uploads\/2024\/01\/Moritz-Medium-edited.jpg 512w, https:\/\/elbe-innovations.de\/wp-content\/uploads\/2024\/01\/Moritz-Medium-edited-225x300.jpg 225w\" sizes=\"auto, (max-width: 512px) 100vw, 512px\" \/><\/figure>\n\n\n\n<div class=\"wp-block-group is-vertical is-content-justification-center is-nowrap is-layout-flex wp-container-core-group-is-layout-21d4e958 wp-block-group-is-layout-flex\">\n<p class=\"has-text-align-center has-small-font-size\"><strong>Moritz V\u00f6lker<\/strong><\/p>\n\n\n\n<p class=\"has-text-align-center has-small-font-size\">Gesch\u00e4ftsf\u00fchrer <br>IT Consultant<\/p>\n\n\n\n<div style=\"margin-top:var(--wp--preset--spacing--10);margin-bottom:var(--wp--preset--spacing--10)\" aria-hidden=\"true\" class=\"wp-block-spacer\"><\/div>\n<\/div>\n\n\n\n<details class=\"wp-block-details has-small-font-size is-layout-flow wp-block-details-is-layout-flow\"><summary>Mehr \u00fcber Moritz&#8230;<\/summary>\n<p>Eine funktionierende IT, die es den Mitarbeitern erm\u00f6glicht, ihrer Arbeit an jedem Ort der Welt stressfrei und st\u00f6rungsfrei nachzukommen (mobile Office, Servercluster). Das Team zu bef\u00e4higen, die vorhandenen St\u00e4rken optimal zu nutzen und Potenziale weiterzuentwickeln.<\/p>\n<\/details>\n<\/div>\n<\/div>\n\n\n\n<div style=\"height:var(--wp--preset--spacing--10)\" aria-hidden=\"true\" class=\"wp-block-spacer\"><\/div>\n\n\n\n<div class=\"wp-block-columns alignwide is-layout-flex wp-container-core-columns-is-layout-98abe870 wp-block-columns-is-layout-flex\" style=\"padding-top:0;padding-right:0;padding-bottom:0;padding-left:0\">\n<div class=\"wp-block-column is-layout-flow wp-block-column-is-layout-flow\">\n<figure data-wp-context=\"{&quot;imageId&quot;:&quot;6a0647a76c68e&quot;}\" data-wp-interactive=\"core\/image\" data-wp-key=\"6a0647a76c68e\" class=\"wp-block-image size-full is-style-rounded wp-duotone-244e8a-ffffff-5 is-style-rounded--4 wp-lightbox-container\"><img loading=\"lazy\" decoding=\"async\" width=\"534\" height=\"800\" data-wp-class--hide=\"state.isContentHidden\" data-wp-class--show=\"state.isContentVisible\" data-wp-init=\"callbacks.setButtonStyles\" data-wp-on--click=\"actions.showLightbox\" data-wp-on--load=\"callbacks.setButtonStyles\" data-wp-on-window--resize=\"callbacks.setButtonStyles\" src=\"https:\/\/elbe-innovations.de\/wp-content\/uploads\/2024\/01\/Team-Bild-Frau.png\" alt=\"\" class=\"wp-image-350\" style=\"aspect-ratio:3\/4;object-fit:cover\" srcset=\"https:\/\/elbe-innovations.de\/wp-content\/uploads\/2024\/01\/Team-Bild-Frau.png 534w, https:\/\/elbe-innovations.de\/wp-content\/uploads\/2024\/01\/Team-Bild-Frau-200x300.png 200w\" sizes=\"auto, (max-width: 534px) 100vw, 534px\" \/><button\n\t\t\tclass=\"lightbox-trigger\"\n\t\t\ttype=\"button\"\n\t\t\taria-haspopup=\"dialog\"\n\t\t\taria-label=\"Vergr\u00f6\u00dfern\"\n\t\t\tdata-wp-init=\"callbacks.initTriggerButton\"\n\t\t\tdata-wp-on--click=\"actions.showLightbox\"\n\t\t\tdata-wp-style--right=\"state.imageButtonRight\"\n\t\t\tdata-wp-style--top=\"state.imageButtonTop\"\n\t\t>\n\t\t\t<svg xmlns=\"http:\/\/www.w3.org\/2000\/svg\" width=\"12\" height=\"12\" fill=\"none\" viewBox=\"0 0 12 12\">\n\t\t\t\t<path fill=\"#fff\" d=\"M2 0a2 2 0 0 0-2 2v2h1.5V2a.5.5 0 0 1 .5-.5h2V0H2Zm2 10.5H2a.5.5 0 0 1-.5-.5V8H0v2a2 2 0 0 0 2 2h2v-1.5ZM8 12v-1.5h2a.5.5 0 0 0 .5-.5V8H12v2a2 2 0 0 1-2 2H8Zm2-12a2 2 0 0 1 2 2v2h-1.5V2a.5.5 0 0 0-.5-.5H8V0h2Z\" \/>\n\t\t\t<\/svg>\n\t\t<\/button><\/figure>\n\n\n\n<div class=\"wp-block-group is-vertical is-content-justification-center is-nowrap is-layout-flex wp-container-core-group-is-layout-63bfd6c1 wp-block-group-is-layout-flex\">\n<p class=\"has-text-align-center has-small-font-size\"><strong>Claudia Simatupang<\/strong><\/p>\n\n\n\n<p class=\"has-text-align-center has-small-font-size\">Expertin f\u00fcr Burnout Pr\u00e4vention und Stressmanagement in Unternehmen<\/p>\n\n\n\n<div style=\"margin-top:var(--wp--preset--spacing--10);margin-bottom:var(--wp--preset--spacing--10)\" aria-hidden=\"true\" class=\"wp-block-spacer\"><\/div>\n<\/div>\n\n\n\n<details class=\"wp-block-details has-small-font-size is-layout-flow wp-block-details-is-layout-flow\"><summary>Mehr \u00fcber Claudia&#8230;<\/summary>\n<p>Claudia Simatupang ist examinierte Krankenschwester und war 3 Jahrzehnte lang als Teil des multiprofessionellen Teams an einer Klinik f\u00fcr Psychiatrie und Psychotherapie in Hamburg t\u00e4tig. Dabei hat sie sich ein umfangreiches praktisches und fachliches Know How zugelegt. Berufsbegleitend hat sie Zusatzausbildungen absolviert (Integra Heilpraktikerschule: Coachingausbildungen, Universit\u00e4tsklinikum Hamburg Eppendorf: D-MKT Training f\u00fcr Menschen mit depressiven Erkrankungen) Au\u00dferdem ist sie von der Neurowissenschaftlerin Tania Singer ausgebildet und vom Achtsamkeitszentrum Berlin zertifiziert als Trainerin des wissenschaftlich basierten Programmes Mindfulness based stress reduction (MBSR) nach Prof. Jon Kabat Zin.<\/p>\n\n\n\n<p>Ebenfalls zertifiziert ist sie als Trainerin f\u00fcr Mindfulness based compassionate living (MBCL) Ihre Expertise bringt sie deutschlandweit in Unternehmen ein.<\/p>\n\n\n\n<p>Sie ist t\u00e4tig im Bereich F\u00fchrungskr\u00e4fte \u2013 Coaching, Teamtraining und bietet f\u00fcr Unternehmen Burnout \u2013 Sprechstunden zur Behandlung und Pr\u00e4vention von Ersch\u00f6pfungsdepressionen an.<\/p>\n\n\n\n<p>Claudia Simatupang ist verheiratet mit Dr Tuaradja Simatupang (Facharzt f\u00fcr Psychiatrie und Psychotherapie) und Mutter von 5 erwachsenen Kindern (darunter Drillinge)<\/p>\n<\/details>\n<\/div>\n\n\n\n<div class=\"wp-block-column is-layout-flow wp-block-column-is-layout-flow\"><\/div>\n\n\n\n<div class=\"wp-block-column is-layout-flow wp-block-column-is-layout-flow\"><\/div>\n<\/div>\n\n\n\n<div style=\"height:100px\" aria-hidden=\"true\" class=\"wp-block-spacer\"><\/div>\n<\/div>\n\n\n\n<div class=\"wp-block-cover alignfull is-light has-parallax has-base-2-color has-text-color has-link-color wp-elements-0615d7305a2d5a59e98097baf864e847\" style=\"min-height:400px;aspect-ratio:unset;\"><div class=\"wp-block-cover__image-background wp-image-357 has-parallax\" style=\"background-position:50% 50%;background-image:url(https:\/\/elbe-innovations.de\/wp-content\/uploads\/2024\/01\/DSC09287.jpg)\"><\/div><span aria-hidden=\"true\" class=\"wp-block-cover__background has-contrast-3-background-color has-background-dim-70 has-background-dim\"><\/span><div class=\"wp-block-cover__inner-container is-layout-flow wp-block-cover-is-layout-flow\">\n<h2 class=\"wp-block-heading alignwide has-text-align-center is-style-default\" style=\"padding-top:0;padding-right:0;padding-bottom:0;padding-left:0\">Unser Team besteht aus erfahrenen, motivierten und kreativen K\u00f6pfen<\/h2>\n<\/div><\/div>\n","protected":false},"excerpt":{"rendered":"<p>Anika Liedloff-V\u00f6lker F\u00fchrungskr\u00e4ftetrainerin, Business Coach und Senior Consultant Kristina Arnold Kommunikationstrainerin und Coach Moritz V\u00f6lker Gesch\u00e4ftsf\u00fchrer IT Consultant Claudia Simatupang Expertin f\u00fcr Burnout Pr\u00e4vention und Stressmanagement in Unternehmen<\/p>\n","protected":false},"author":2,"featured_media":0,"parent":0,"menu_order":20,"comment_status":"closed","ping_status":"closed","template":"","meta":{"footnotes":""},"class_list":["post-8","page","type-page","status-publish","hentry"],"aioseo_notices":[],"_links":{"self":[{"href":"https:\/\/elbe-innovations.de\/index.php\/wp-json\/wp\/v2\/pages\/8","targetHints":{"allow":["GET"]}}],"collection":[{"href":"https:\/\/elbe-innovations.de\/index.php\/wp-json\/wp\/v2\/pages"}],"about":[{"href":"https:\/\/elbe-innovations.de\/index.php\/wp-json\/wp\/v2\/types\/page"}],"author":[{"embeddable":true,"href":"https:\/\/elbe-innovations.de\/index.php\/wp-json\/wp\/v2\/users\/2"}],"replies":[{"embeddable":true,"href":"https:\/\/elbe-innovations.de\/index.php\/wp-json\/wp\/v2\/comments?post=8"}],"version-history":[{"count":10,"href":"https:\/\/elbe-innovations.de\/index.php\/wp-json\/wp\/v2\/pages\/8\/revisions"}],"predecessor-version":[{"id":513,"href":"https:\/\/elbe-innovations.de\/index.php\/wp-json\/wp\/v2\/pages\/8\/revisions\/513"}],"wp:attachment":[{"href":"https:\/\/elbe-innovations.de\/index.php\/wp-json\/wp\/v2\/media?parent=8"}],"curies":[{"name":"wp","href":"https:\/\/api.w.org\/{rel}","templated":true}]}}