{"id":90,"date":"2024-01-11T14:26:57","date_gmt":"2024-01-11T14:26:57","guid":{"rendered":"https:\/\/elbe.markvoelker.de\/?page_id=90"},"modified":"2024-01-18T21:12:06","modified_gmt":"2024-01-18T20:12:06","slug":"aktuelles","status":"publish","type":"page","link":"https:\/\/elbe-innovations.de\/index.php\/aktuelles\/","title":{"rendered":"Aktuelles"},"content":{"rendered":"\n<div class=\"wp-block-group alignfull has-accent-background-color has-background has-global-padding is-layout-constrained wp-container-core-group-is-layout-1e78e420 wp-block-group-is-layout-constrained\" style=\"margin-top:0;margin-bottom:0;padding-top:var(--wp--preset--spacing--40);padding-right:var(--wp--preset--spacing--60);padding-bottom:var(--wp--preset--spacing--40);padding-left:var(--wp--preset--spacing--60)\">\n<div class=\"wp-block-group alignwide has-global-padding is-content-justification-left is-layout-constrained wp-container-core-group-is-layout-16a8afda wp-block-group-is-layout-constrained\" style=\"padding-top:0;padding-bottom:0\">\n<p class=\"has-heading-font-family has-large-font-size\" style=\"padding-top:var(--wp--preset--spacing--20);padding-bottom:var(--wp--preset--spacing--20);line-height:1.2\">Mindful Leadership<\/p>\n<\/div>\n\n\n\n<div class=\"wp-block-columns alignwide is-layout-flex wp-container-core-columns-is-layout-a85f4655 wp-block-columns-is-layout-flex\">\n<div class=\"wp-block-column is-layout-flow wp-block-column-is-layout-flow\" style=\"flex-basis:33%\">\n<p>Menschen in F\u00fchrungspositionen zu st\u00e4rken, wird f\u00fcr ein gesundes Arbeitsumfeld immer wichtiger. Insbesondere f\u00fcr pflegerische F\u00fchrungskr\u00e4fte ist es eine gro\u00dfe Herausforderung, auf Dauer mit den st\u00e4ndigen unvorhergesehenen \u00c4nderungen, den hohen und teilweise konkurrierenden Anforderungen und dem Erleben von situativer Handlungsunf\u00e4higkeit umzugehen.<\/p>\n\n\n\n<p>Achtsamkeit ist dabei eine Zukunftskompetenz, die die psychische Gesundheit und Belastbarkeit unterst\u00fctzt. <\/p>\n<\/div>\n\n\n\n<div class=\"wp-block-column is-layout-flow wp-block-column-is-layout-flow\" style=\"flex-basis:33%\">\n<p>Das Konzept der Mindfulness Based Stress Reduction (MBSR) ist ein wirksamer und wissenschaftlich belegter Weg, um bewusster und ges\u00fcnder mit den Herausforderungen in unserem Alltag umzugehen.<\/p>\n\n\n\n<p>Mindful Leadership unterst\u00fctzt F\u00fchrungskr\u00e4fte darin, bei sich zu sein, statt au\u00dfer sich zu sein \u2013 und st\u00e4rkt so die Handlungsf\u00e4higkeit. Darin unterst\u00fctzen wir ein Gruppe von F\u00fchrungskr\u00e4ften:<\/p>\n\n\n\n<div class=\"wp-block-buttons is-horizontal is-content-justification-center is-layout-flex wp-container-core-buttons-is-layout-25b04ccb wp-block-buttons-is-layout-flex\" style=\"margin-top:var(--wp--preset--spacing--30);margin-bottom:var(--wp--preset--spacing--30)\">\n<div class=\"wp-block-button has-custom-width wp-block-button__width-75\"><a class=\"wp-block-button__link has-text-align-center wp-element-button\" href=\"https:\/\/www.dki.de\/veranstaltungen\/10585-online-kurs-mbsr\" style=\"padding-top:var(--wp--preset--spacing--10);padding-bottom:var(--wp--preset--spacing--10)\" target=\"_blank\" rel=\"noreferrer noopener\">online Kurs MBSR<\/a><\/div>\n<\/div>\n<\/div>\n\n\n\n<div class=\"wp-block-column is-vertically-aligned-center is-layout-flow wp-block-column-is-layout-flow\" style=\"flex-basis:34%\">\n<figure class=\"wp-block-image size-full is-style-rounded is-style-rounded--1\"><img loading=\"lazy\" decoding=\"async\" width=\"1024\" height=\"1024\" src=\"https:\/\/elbe-innovations.de\/wp-content\/uploads\/2024\/01\/MBSR1.png\" alt=\"\" class=\"wp-image-346\" style=\"aspect-ratio:0.75;object-fit:cover\" srcset=\"https:\/\/elbe-innovations.de\/wp-content\/uploads\/2024\/01\/MBSR1.png 1024w, https:\/\/elbe-innovations.de\/wp-content\/uploads\/2024\/01\/MBSR1-300x300.png 300w, https:\/\/elbe-innovations.de\/wp-content\/uploads\/2024\/01\/MBSR1-150x150.png 150w, https:\/\/elbe-innovations.de\/wp-content\/uploads\/2024\/01\/MBSR1-768x768.png 768w\" sizes=\"auto, (max-width: 1024px) 100vw, 1024px\" \/><\/figure>\n<\/div>\n<\/div>\n<\/div>\n\n\n\n<div class=\"wp-block-group alignfull has-base-2-color has-contrast-3-background-color has-text-color has-background has-link-color wp-elements-d1dbd698ba825ece4b3d90b768726836 has-global-padding is-layout-constrained wp-container-core-group-is-layout-75012026 wp-block-group-is-layout-constrained\" style=\"margin-top:0;margin-bottom:0;padding-top:var(--wp--preset--spacing--40);padding-right:var(--wp--preset--spacing--60);padding-bottom:var(--wp--preset--spacing--40);padding-left:var(--wp--preset--spacing--60)\">\n<div class=\"wp-block-group alignwide has-global-padding is-content-justification-left is-layout-constrained wp-container-core-group-is-layout-8733681b wp-block-group-is-layout-constrained\" style=\"padding-top:var(--wp--preset--spacing--20);padding-bottom:var(--wp--preset--spacing--20)\">\n<p class=\"has-text-align-left has-heading-font-family has-large-font-size\" style=\"line-height:1.2\">Forschungsprojekt: Umsetzbarkeit und Wirkung von Positive Leadership im Gesundheits \u2013 und Sozialwesen:<\/p>\n<\/div>\n\n\n\n<div class=\"wp-block-columns alignwide .silbentrennung is-layout-flex wp-container-core-columns-is-layout-a85f4655 wp-block-columns-is-layout-flex\">\n<div class=\"wp-block-column is-layout-flow wp-block-column-is-layout-flow\" style=\"flex-basis:33%\">\n<p>Krankenh\u00e4user und Unternehmen des Gesundheits- und Sozialwesens stehen im Vergleich zu anderen Branchen vor besonderen Herausforderungen. Ihre unternehmerische Freiheit ist st\u00e4rker durch gesetzliche Rahmenbedingungen eingeschr\u00e4nkt. F\u00fchrungskr\u00e4fte befinden sich im deutlichen Spannungsfeld unterschiedlicher und konkurrierender Anforderungen. Die zu f\u00fchrenden Teams sind durch anhaltende Phasen der \u00dcber- oder Fehlbeanspruchung h\u00e4ufig demotiviert.<\/p>\n\n\n\n<p>Diese Gemengelage stellt f\u00fcr F\u00fchrende eine oft kr\u00e4ftezehrende Situation dar, in der es zunehmend schwerf\u00e4llt, F\u00fchrung zu \u00fcbernehmen.<br>Wir wollen im Rahmen dieses Forschungsprojektes erforschen, inwieweit die Prinzipien des Positive Leadership dazu beitragen, die Arbeitssituation der F\u00fchrungskr\u00e4fte zu ver\u00e4ndern.<\/p>\n\n\n\n<p class=\"has-text-align-left\"><strong>Leitgedanke von Positive Leadership<\/strong><\/p>\n\n\n\n<p>Dabei zielt Positive Leadership darauf ab, dass die F\u00fchrungskraft durch ihren F\u00fchrungsstil aktiv f\u00fcr ein Arbeitsklima sorgt, das die Potentialentfaltung bei den Mitarbeiterinnen und Mitarbeitern f\u00f6rdert.<br>Dieser F\u00fchrungsstil erkennt und nutzt die individuellen St\u00e4rken der Mitarbeiter*innen, anstatt \u00fcberwiegend Schw\u00e4chen in den Vordergrund zu stellen.<em> <\/em><\/p>\n<\/div>\n\n\n\n<div class=\"wp-block-column is-layout-flow wp-block-column-is-layout-flow\" style=\"flex-basis:33%\">\n<p>Dadurch kommt es zu einer Win-Win-Situation: Das Unternehmen profitiert gleicherma\u00dfen wie F\u00fchrungskr\u00e4fte und Mitarbeiter*innen.<br>Die Wirkung von Positive Leadership ist wissenschaftlich durch zahlreiche Studien belegt und es ist best\u00e4tigt, dass Unternehmen mit einer Positive Leadership F\u00fchrungskultur signifikant erfolgreicher sind.<\/p>\n\n\n\n<p>Mitarbeiterinnen und Mitarbeiter einer Positive Leadership- Kultur<\/p>\n\n\n\n<ul class=\"wp-block-list\" style=\"padding-top:0;padding-bottom:0\">\n<li>verhalten sich unterst\u00fctzender und k\u00f6nnen sich w\u00e4hrend organisationaler Ver\u00e4nderungen besser anpassen k\u00f6nnen.<\/li>\n\n\n\n<li>zeigen ein Engagement \u00fcber ihre festgelegten Aufgabenbereiche hinaus.<\/li>\n\n\n\n<li>sind zufriedener und st\u00e4rker an das Unternehmen gebunden. Basis und Ausdruck hiervon sind ein unterst\u00fctzendes Organisationsklima.<\/li>\n\n\n\n<li>Die Stressbelastung wird vermindert und damit ein Beitrag geleistet, die Krankheitstage zu reduzieren und Burn-Out zu verhindern.<\/li>\n\n\n\n<li>Der Umgang mit R\u00fcckschl\u00e4gen und stressigen Situationen f\u00e4llt leichter und das Entwickeln kreativer L\u00f6sungen ist positiv besetzt.<\/li>\n<\/ul>\n<\/div>\n\n\n\n<div class=\"wp-block-column has-global-padding is-content-justification-left is-layout-constrained wp-container-core-column-is-layout-626ea2f7 wp-block-column-is-layout-constrained\" style=\"flex-basis:33%\">\n<p><strong>Forschungsfragen<\/strong><\/p>\n\n\n\n<p>Im Rahmen dieser Studie soll die Wirksamkeit der Gruppenworkshops in Verbindung mit Einzelcoachings zur F\u00f6rderung von Positive Leadership bei den teilnehmenden F\u00fchrungspersonen evaluiert werden.<br>Konkret sollen drei wesentlich Fragen beantwortet werden:<\/p>\n\n\n\n<ul class=\"wp-block-list\">\n<li>Ver\u00e4ndert sich im Rahmen der Gruppenworkshops und Einzelcoachings bei den teilnehmenden F\u00fchrungskr\u00e4ften die Intensit\u00e4t des Einsatzes der Positiven F\u00fchrung?<\/li>\n\n\n\n<li>F\u00fchrt ein h\u00f6heres Ausma\u00df an positiver F\u00fchrung zu mehr Zufriedenheit mit den Arbeitsbedingungen?<\/li>\n\n\n\n<li>F\u00fchrt ein h\u00f6heres Ausma\u00df an positiver F\u00fchrung zu einer geringeren Belastung der F\u00fchrungspersonen?<\/li>\n<\/ul>\n<\/div>\n<\/div>\n<\/div>\n","protected":false},"excerpt":{"rendered":"<p>Mindful Leadership Menschen in F\u00fchrungspositionen zu st\u00e4rken, wird f\u00fcr ein gesundes Arbeitsumfeld immer wichtiger. Insbesondere f\u00fcr pflegerische F\u00fchrungskr\u00e4fte ist es eine gro\u00dfe Herausforderung, auf Dauer mit den st\u00e4ndigen unvorhergesehenen \u00c4nderungen, den hohen und teilweise konkurrierenden Anforderungen und dem Erleben von situativer Handlungsunf\u00e4higkeit umzugehen. Achtsamkeit ist dabei eine Zukunftskompetenz, die die psychische Gesundheit und Belastbarkeit unterst\u00fctzt. [&hellip;]<\/p>\n","protected":false},"author":2,"featured_media":0,"parent":0,"menu_order":10,"comment_status":"closed","ping_status":"closed","template":"","meta":{"footnotes":""},"class_list":["post-90","page","type-page","status-publish","hentry"],"aioseo_notices":[],"_links":{"self":[{"href":"https:\/\/elbe-innovations.de\/index.php\/wp-json\/wp\/v2\/pages\/90","targetHints":{"allow":["GET"]}}],"collection":[{"href":"https:\/\/elbe-innovations.de\/index.php\/wp-json\/wp\/v2\/pages"}],"about":[{"href":"https:\/\/elbe-innovations.de\/index.php\/wp-json\/wp\/v2\/types\/page"}],"author":[{"embeddable":true,"href":"https:\/\/elbe-innovations.de\/index.php\/wp-json\/wp\/v2\/users\/2"}],"replies":[{"embeddable":true,"href":"https:\/\/elbe-innovations.de\/index.php\/wp-json\/wp\/v2\/comments?post=90"}],"version-history":[{"count":25,"href":"https:\/\/elbe-innovations.de\/index.php\/wp-json\/wp\/v2\/pages\/90\/revisions"}],"predecessor-version":[{"id":483,"href":"https:\/\/elbe-innovations.de\/index.php\/wp-json\/wp\/v2\/pages\/90\/revisions\/483"}],"wp:attachment":[{"href":"https:\/\/elbe-innovations.de\/index.php\/wp-json\/wp\/v2\/media?parent=90"}],"curies":[{"name":"wp","href":"https:\/\/api.w.org\/{rel}","templated":true}]}}